{"id":6371,"date":"2022-05-03T17:45:23","date_gmt":"2022-05-03T15:45:23","guid":{"rendered":"https:\/\/www.predilife.com\/mentions-legales\/"},"modified":"2022-06-07T10:41:39","modified_gmt":"2022-06-07T08:41:39","slug":"legal-notice","status":"publish","type":"page","link":"https:\/\/www.predilife.com\/en\/legal-notice\/","title":{"rendered":"Legal notice"},"content":{"rendered":"<p>Cette page d\u00e9crit les mentions l\u00e9gales qui s\u2019appliquent \u00e0 tout utilisateur du site www.predilife.com. En le consultant, vous vous engagez sans r\u00e9serve \u00e0 les respecter. Nous nous r\u00e9servons le droit de modifier ces derni\u00e8res \u00e0 tout moment, aussi nous invitons les utilisateurs \u00e0 s\u2019y reporter r\u00e9guli\u00e8rement.<\/p>\n<p>&nbsp;<\/p>\n<h3>ARTICLE 1<\/h3>\n<h2>\u00c9diteur du site<\/h2>\n<p>Le site www.predilife.com est \u00e9dit\u00e9 par la soci\u00e9t\u00e9 Predilife \u2013 Soci\u00e9t\u00e9 Anonyme \u00e0 conseil d\u2019administration \u2013 sise au 39 rue Camille Desmoulins \u2013 94 805 Villejuif Cedex<br \/>\nDirecteur de la publication : St\u00e9phane RAGUSA \u2013 Pr\u00e9sident \u2013 Directeur G\u00e9n\u00e9ral<\/p>\n<p>&nbsp;<\/p>\n<h3>ARTICLE 2<\/h3>\n<h2>H\u00e9bergeur du site<\/h2>\n<p>L\u2019h\u00e9bergement du site est assur\u00e9 par la Soci\u00e9t\u00e9 OVH SAS, dont le si\u00e8ge social est situ\u00e9 au 2 rue de Kellermann \u2013 59100 Roubaix France \u2013 0972101007.<\/p>\n<p>&nbsp;<\/p>\n<h3>ARTICLE 3<\/h3>\n<h2>Objet et contenu du site<\/h2>\n<p>Le site internet www.predilife.com a pour objectif de pr\u00e9senter des informations g\u00e9n\u00e9rales sur la soci\u00e9t\u00e9 Predilife et de fournir des renseignements sur les activit\u00e9s de Predilife. Il n\u2019a pas vocation \u00e0 r\u00e9pondre \u00e0 des questions d\u2019ordre m\u00e9dical. Les informations en ligne sur ce site, r\u00e9guli\u00e8rement mises \u00e0 jour, ne constituent ni un avis m\u00e9dical, ni des instructions sur des traitements. Aussi, toute personne ayant besoin d\u2019un avis d\u2019ordre m\u00e9dical doit consulter son m\u00e9decin. En cons\u00e9quence, les informations contenues sur ce site vous sont fournies uniquement \u00e0 titre d\u2019information. Il est imp\u00e9ratif de consulter votre m\u00e9decin ou un professionnel de sant\u00e9 avant d\u2019utiliser un quelconque produit mentionn\u00e9 sur ce site.<\/p>\n<p>Toutes les informations donn\u00e9es le sont \u00e0 titre d\u2019information et de r\u00e9f\u00e9rence seulement et peuvent changer \u00e0 tout moment. Par ailleurs les informations pr\u00e9sentes sur le site ne sont pas exhaustives.<\/p>\n<p>&nbsp;<\/p>\n<h3>ARTICLE 4<\/h3>\n<h2>Liens hypertexte<\/h2>\n<p>La responsabilit\u00e9 de la soci\u00e9t\u00e9 Predilife ne pourra pas \u00eatre engag\u00e9e du fait de l\u2019existence d\u2019un lien hypertexte existant sur le site Predilife et renvoyant \u00e0 un site tiers. En effet, Predilife n\u2019a aucun moyen de contr\u00f4ler le contenu de tout site de tiers qui demeure enti\u00e8rement ind\u00e9pendant de la soci\u00e9t\u00e9 Predilife.<br \/>\nDe plus, l\u2019existence d\u2019un lien entre le site Predilife et le site d\u2019un tiers ne signifie en aucun cas que la soci\u00e9t\u00e9 Predilife approuve le contenu de ce site d\u2019une quelconque fa\u00e7on et, en particulier, l\u2019usage qui pourrait en \u00eatre fait.<\/p>\n<p>En outre, c\u2019est \u00e0 vous qu\u2019il incombe de prendre les pr\u00e9cautions n\u00e9cessaires pour pr\u00e9venir toute infection \u00e0 partir du site Predilife, en particulier par un ou plusieurs virus informatiques, chevaux de Troie ou tout autre \u00ab parasite \u00bb.<\/p>\n<p>Des sites externes peuvent comporter des liens hypertextes vers le site Predilife. Un lien de cette nature ne doit pas \u00eatre cr\u00e9\u00e9 sans l\u2019accord pr\u00e9alable expr\u00e8s de Predilife. Dans tous les cas, Predilife n\u2019est en aucune fa\u00e7on responsable de l\u2019indisponibilit\u00e9 de tels sites et Predilife ne m\u00e8ne \u00e0 leur \u00e9gard aucun examen minutieux ou aucune v\u00e9rification quant \u00e0 l\u2019utilisation de liens hypertextes. Predilife n\u2019est pas responsable du contenu, de la publicit\u00e9, des produits ou autres \u00e9l\u00e9ments disponibles sur ou par le biais de ces sites.<\/p>\n<p>&nbsp;<\/p>\n<h3>ARTICLE 5<\/h3>\n<h2>Propri\u00e9t\u00e9 intellectuelle<\/h2>\n<p>Predilife, le site www.predilife.com, son contenu, toutes les images, logos, documents t\u00e9l\u00e9chargeables, tous les textes diffus\u00e9s sur ce site, tous les noms de produits et autres marques cit\u00e9s sur ce site, de mani\u00e8re non limitative, sont la propri\u00e9t\u00e9 exclusive de la Soci\u00e9t\u00e9 Predilife (propre ou celui de ses partenaires), sont prot\u00e9g\u00e9s par le droit des marques et\/ou le droit d\u2019auteur et autres droits. En application des dispositions du Code de la propri\u00e9t\u00e9 intellectuelle, des dispositions l\u00e9gislatives et r\u00e9glementaires de tous pays et des conventions internationales, toute repr\u00e9sentation et\/ou reproduction, ou encore utilisation, exploitation, int\u00e9grale ou partielle, de l\u2019un quelconque des \u00e9l\u00e9ments mentionn\u00e9s ci-dessus, fait sans le consentement pr\u00e9alable et \u00e9crit de la Soci\u00e9t\u00e9 Predilife ou de ses partenaires, est interdite.<\/p>\n<p>&nbsp;<\/p>\n<h3>ARTICLE 6<\/h3>\n<h2>Limite de responsabilit\u00e9<\/h2>\n<p>Les documents et informations diffus\u00e9s sur www.predilife.com sont fournis \u00bb en l\u2019\u00e9tat \u00bb sans aucune garantie expresse ou tacite de quelque sorte que ce soit. Predilife se r\u00e9serve le droit de modifier ou de corriger le contenu de son site \u00e0 tout moment, sans pr\u00e9avis. Predilife ne pourra \u00eatre tenu pour responsable en cas de contamination des mat\u00e9riels informatiques des internautes r\u00e9sultant de la propagation d\u2019un virus ou autres infections informatiques. Il appartient \u00e0 l\u2019utilisateur de ce site de prendre toutes les mesures appropri\u00e9es de fa\u00e7on \u00e0 prot\u00e9ger ses propres donn\u00e9es et\/ou logiciels de la contamination par des d\u2019\u00e9ventuels virus circulant sur le r\u00e9seau Internet.<\/p>\n<p>En aucun cas Predilife, ses employ\u00e9s, ses fournisseurs, ou les tiers mentionn\u00e9s dans son site ne pourront \u00eatre tenus responsables, au titre d\u2019une action en responsabilit\u00e9 contractuelle, en responsabilit\u00e9 d\u00e9lictuelle ou de toute autre action, de tout dommage direct ou indirect, incident ou accessoire, ou de quelque nature qu\u2019il soit ou de tout pr\u00e9judice, notamment, de nature financier ou commercial, r\u00e9sultant de l\u2019utilisation de son site ou d\u2019une quelconque information obtenue sur son site.<\/p>\n<p>Predilife rejette cat\u00e9goriquement toute interpr\u00e9tation qui viserait \u00e0 assimiler le contenu de son site \u00e0 des offres d\u2019achat ou des incitations, \u00e0 investir ou \u00e0 acqu\u00e9rir des actions ou autres valeurs mobili\u00e8res cot\u00e9es de Predilife. Le site www.predilife.com peut contenir des liens vers des sites partenaires de Predilife ou de tiers. Predilife n\u2019exerce aucun contr\u00f4le sur ces sites et n\u2019assure par cons\u00e9quent, aucune responsabilit\u00e9 quant \u00e0 la disponibilit\u00e9 de ces sites, leur contenu, publicit\u00e9, produits et\/ou services disponibles sur ou \u00e0 partir de ces sites. Ainsi, Predilife ne sera aucunement responsable des dommages directs ou indirects pouvant survenir \u00e0 l\u2019occasion de l\u2019acc\u00e8s de l\u2019internaute sur le site du partenaire ou de l\u2019utilisation de ce site, du non-respect des contenus et services \u00e0 toute r\u00e9glementation ou toute atteinte aux droits de tiers.<\/p>\n<p>&nbsp;<\/p>\n<h3>ARTICLE 7<\/h3>\n<h2>Disponibilit\u00e9 du site<\/h2>\n<p>Les documents et informations diffus\u00e9s sur www.predilife.com sont fournis \u00bb en l\u2019\u00e9tat \u00bb sans aucune garantie expresse ou tacite de quelque sorte que ce soit. Predilife se r\u00e9serve le droit de modifier ou de corriger le contenu de son site \u00e0 tout moment, sans pr\u00e9avis. Predilife ne pourra \u00eatre tenu pour responsable en cas de contamination des mat\u00e9riels informatiques des internautes r\u00e9sultant de la propagation d\u2019un virus ou autres infections informatiques. Il appartient \u00e0 l\u2019utilisateur de ce site de prendre toutes les mesures appropri\u00e9es de fa\u00e7on \u00e0 prot\u00e9ger ses propres donn\u00e9es et\/ou logiciels de la contamination par des d\u2019\u00e9ventuels virus circulant sur le r\u00e9seau Internet.<\/p>\n<p>En aucun cas Predilife, ses employ\u00e9s, ses fournisseurs, ou les tiers mentionn\u00e9s dans son site ne pourront \u00eatre tenus responsables, au titre d\u2019une action en responsabilit\u00e9 contractuelle, en responsabilit\u00e9 d\u00e9lictuelle ou de toute autre action, de tout dommage direct ou indirect, incident ou accessoire, ou de quelque nature qu\u2019il soit ou de tout pr\u00e9judice, notamment, de nature financier ou commercial, r\u00e9sultant de l\u2019utilisation de son site ou d\u2019une quelconque information obtenue sur son site.<\/p>\n<p>Predilife rejette cat\u00e9goriquement toute interpr\u00e9tation qui viserait \u00e0 assimiler le contenu de son site \u00e0 des offres d\u2019achat ou des incitations, \u00e0 investir ou \u00e0 acqu\u00e9rir des actions ou autres valeurs mobili\u00e8res cot\u00e9es de Predilife. Le site www.predilife.com peut contenir des liens vers des sites partenaires de Predilife ou de tiers. Predilife n\u2019exerce aucun contr\u00f4le sur ces sites et n\u2019assure par cons\u00e9quent, aucune responsabilit\u00e9 quant \u00e0 la disponibilit\u00e9 de ces sites, leur contenu, publicit\u00e9, produits et\/ou services disponibles sur ou \u00e0 partir de ces sites. Ainsi, Predilife ne sera aucunement responsable des dommages directs ou indirects pouvant survenir \u00e0 l\u2019occasion de l\u2019acc\u00e8s de l\u2019internaute sur le site du partenaire ou de l\u2019utilisation de ce site, du non-respect des contenus et services \u00e0 toute r\u00e9glementation ou toute atteinte aux droits de tiers.<\/p>\n<p>&nbsp;<\/p>\n<h3>ARTICLE 8<\/h3>\n<h2>Droit applicable, tribunaux comp\u00e9tents<\/h2>\n<p>Ces conditions d\u2019utilisation sont r\u00e9gies, interpr\u00e9t\u00e9es et appliqu\u00e9es conform\u00e9ment au droit fran\u00e7ais. En cas de litige, les tribunaux fran\u00e7ais seront seuls comp\u00e9tents.<\/p>\n","protected":false},"excerpt":{"rendered":"<p>Cette page d\u00e9crit les mentions l\u00e9gales qui s\u2019appliquent \u00e0 tout utilisateur du site www.predilife.com. En le consultant, vous vous engagez sans r\u00e9serve \u00e0 les respecter. Nous nous r\u00e9servons le droit de modifier ces derni\u00e8res \u00e0 tout moment, aussi nous invitons les utilisateurs \u00e0 s\u2019y reporter r\u00e9guli\u00e8rement. &nbsp; ARTICLE 1 \u00c9diteur du site Le site www.predilife.com&#8230;<\/p>\n","protected":false},"author":167,"featured_media":0,"parent":0,"menu_order":105,"comment_status":"closed","ping_status":"closed","template":"","meta":{"_acf_changed":false,"content-type":"","inline_featured_image":false,"footnotes":""},"class_list":["post-6371","page","type-page","status-publish","hentry"],"acf":[],"yoast_head":"<!-- This site is optimized with the Yoast SEO plugin v24.2 - https:\/\/yoast.com\/wordpress\/plugins\/seo\/ -->\n<title>Legal notice - Predilife<\/title>\n<meta name=\"robots\" content=\"index, follow, max-snippet:-1, max-image-preview:large, max-video-preview:-1\" \/>\n<link rel=\"canonical\" href=\"https:\/\/www.predilife.com\/en\/legal-notice\/\" \/>\n<meta property=\"og:locale\" content=\"en_US\" \/>\n<meta property=\"og:type\" content=\"article\" \/>\n<meta property=\"og:title\" content=\"Legal notice - Predilife\" \/>\n<meta property=\"og:description\" content=\"Cette page d\u00e9crit les mentions l\u00e9gales qui s\u2019appliquent \u00e0 tout utilisateur du site www.predilife.com. En le consultant, vous vous engagez sans r\u00e9serve \u00e0 les respecter. Nous nous r\u00e9servons le droit de modifier ces derni\u00e8res \u00e0 tout moment, aussi nous invitons les utilisateurs \u00e0 s\u2019y reporter r\u00e9guli\u00e8rement. &nbsp; ARTICLE 1 \u00c9diteur du site Le site www.predilife.com...\" \/>\n<meta property=\"og:url\" content=\"https:\/\/www.predilife.com\/en\/legal-notice\/\" \/>\n<meta property=\"og:site_name\" content=\"Predilife\" \/>\n<meta property=\"article:modified_time\" content=\"2022-06-07T08:41:39+00:00\" \/>\n<meta name=\"twitter:card\" content=\"summary_large_image\" \/>\n<meta name=\"twitter:label1\" content=\"Est. reading time\" \/>\n\t<meta name=\"twitter:data1\" content=\"7 minutes\" \/>\n<script type=\"application\/ld+json\" class=\"yoast-schema-graph\">{\"@context\":\"https:\/\/schema.org\",\"@graph\":[{\"@type\":\"WebPage\",\"@id\":\"https:\/\/www.predilife.com\/en\/legal-notice\/\",\"url\":\"https:\/\/www.predilife.com\/en\/legal-notice\/\",\"name\":\"Legal notice - Predilife\",\"isPartOf\":{\"@id\":\"https:\/\/www.predilife.com\/en\/#website\"},\"datePublished\":\"2022-05-03T15:45:23+00:00\",\"dateModified\":\"2022-06-07T08:41:39+00:00\",\"breadcrumb\":{\"@id\":\"https:\/\/www.predilife.com\/en\/legal-notice\/#breadcrumb\"},\"inLanguage\":\"en-US\",\"potentialAction\":[{\"@type\":\"ReadAction\",\"target\":[\"https:\/\/www.predilife.com\/en\/legal-notice\/\"]}]},{\"@type\":\"BreadcrumbList\",\"@id\":\"https:\/\/www.predilife.com\/en\/legal-notice\/#breadcrumb\",\"itemListElement\":[{\"@type\":\"ListItem\",\"position\":1,\"name\":\"Home\",\"item\":\"https:\/\/www.predilife.com\/en\/\"},{\"@type\":\"ListItem\",\"position\":2,\"name\":\"Legal notice\"}]},{\"@type\":\"WebSite\",\"@id\":\"https:\/\/www.predilife.com\/en\/#website\",\"url\":\"https:\/\/www.predilife.com\/en\/\",\"name\":\"Predilife\",\"description\":\"Voir loin, \u00e9clairer demain\",\"potentialAction\":[{\"@type\":\"SearchAction\",\"target\":{\"@type\":\"EntryPoint\",\"urlTemplate\":\"https:\/\/www.predilife.com\/en\/?s={search_term_string}\"},\"query-input\":{\"@type\":\"PropertyValueSpecification\",\"valueRequired\":true,\"valueName\":\"search_term_string\"}}],\"inLanguage\":\"en-US\"}]}<\/script>\n<!-- \/ Yoast SEO plugin. -->","yoast_head_json":{"title":"Legal notice - Predilife","robots":{"index":"index","follow":"follow","max-snippet":"max-snippet:-1","max-image-preview":"max-image-preview:large","max-video-preview":"max-video-preview:-1"},"canonical":"https:\/\/www.predilife.com\/en\/legal-notice\/","og_locale":"en_US","og_type":"article","og_title":"Legal notice - Predilife","og_description":"Cette page d\u00e9crit les mentions l\u00e9gales qui s\u2019appliquent \u00e0 tout utilisateur du site www.predilife.com. En le consultant, vous vous engagez sans r\u00e9serve \u00e0 les respecter. Nous nous r\u00e9servons le droit de modifier ces derni\u00e8res \u00e0 tout moment, aussi nous invitons les utilisateurs \u00e0 s\u2019y reporter r\u00e9guli\u00e8rement. &nbsp; ARTICLE 1 \u00c9diteur du site Le site www.predilife.com...","og_url":"https:\/\/www.predilife.com\/en\/legal-notice\/","og_site_name":"Predilife","article_modified_time":"2022-06-07T08:41:39+00:00","twitter_card":"summary_large_image","twitter_misc":{"Est. reading time":"7 minutes"},"schema":{"@context":"https:\/\/schema.org","@graph":[{"@type":"WebPage","@id":"https:\/\/www.predilife.com\/en\/legal-notice\/","url":"https:\/\/www.predilife.com\/en\/legal-notice\/","name":"Legal notice - Predilife","isPartOf":{"@id":"https:\/\/www.predilife.com\/en\/#website"},"datePublished":"2022-05-03T15:45:23+00:00","dateModified":"2022-06-07T08:41:39+00:00","breadcrumb":{"@id":"https:\/\/www.predilife.com\/en\/legal-notice\/#breadcrumb"},"inLanguage":"en-US","potentialAction":[{"@type":"ReadAction","target":["https:\/\/www.predilife.com\/en\/legal-notice\/"]}]},{"@type":"BreadcrumbList","@id":"https:\/\/www.predilife.com\/en\/legal-notice\/#breadcrumb","itemListElement":[{"@type":"ListItem","position":1,"name":"Home","item":"https:\/\/www.predilife.com\/en\/"},{"@type":"ListItem","position":2,"name":"Legal notice"}]},{"@type":"WebSite","@id":"https:\/\/www.predilife.com\/en\/#website","url":"https:\/\/www.predilife.com\/en\/","name":"Predilife","description":"Voir loin, \u00e9clairer demain","potentialAction":[{"@type":"SearchAction","target":{"@type":"EntryPoint","urlTemplate":"https:\/\/www.predilife.com\/en\/?s={search_term_string}"},"query-input":{"@type":"PropertyValueSpecification","valueRequired":true,"valueName":"search_term_string"}}],"inLanguage":"en-US"}]}},"_links":{"self":[{"href":"https:\/\/www.predilife.com\/en\/wp-json\/wp\/v2\/pages\/6371","targetHints":{"allow":["GET"]}}],"collection":[{"href":"https:\/\/www.predilife.com\/en\/wp-json\/wp\/v2\/pages"}],"about":[{"href":"https:\/\/www.predilife.com\/en\/wp-json\/wp\/v2\/types\/page"}],"author":[{"embeddable":true,"href":"https:\/\/www.predilife.com\/en\/wp-json\/wp\/v2\/users\/167"}],"replies":[{"embeddable":true,"href":"https:\/\/www.predilife.com\/en\/wp-json\/wp\/v2\/comments?post=6371"}],"version-history":[{"count":1,"href":"https:\/\/www.predilife.com\/en\/wp-json\/wp\/v2\/pages\/6371\/revisions"}],"predecessor-version":[{"id":6372,"href":"https:\/\/www.predilife.com\/en\/wp-json\/wp\/v2\/pages\/6371\/revisions\/6372"}],"wp:attachment":[{"href":"https:\/\/www.predilife.com\/en\/wp-json\/wp\/v2\/media?parent=6371"}],"curies":[{"name":"wp","href":"https:\/\/api.w.org\/{rel}","templated":true}]}}