{"id":6374,"date":"2021-09-28T10:58:42","date_gmt":"2021-09-28T08:58:42","guid":{"rendered":"https:\/\/www.predilife.com\/politique-de-confidentialite\/"},"modified":"2022-06-07T10:42:53","modified_gmt":"2022-06-07T08:42:53","slug":"privacy-policy","status":"publish","type":"page","link":"https:\/\/www.predilife.com\/en\/privacy-policy\/","title":{"rendered":"Privacy policy"},"content":{"rendered":"<h1>Politique de confidentialit\u00e9<\/h1>\n<p>POLITIQUE DE PROTECTION DES DONN\u00c9ES PERSONNELLES &amp; COOKIES<\/p>\n<p>La pr\u00e9sente charte d\u00e9finit et vous informe de la mani\u00e8re dont Predilife utilise et prot\u00e8ge vos Donn\u00e9es Personnelles que nous pouvons \u00e9ventuellement traiter et collecter lors de votre navigation sur notre site internet.<br \/>\nElle vous informe \u00e9galement comment nous utilisons les donn\u00e9es de navigation et les cookies.<br \/>\nPredilife s\u2019engage \u00e0 respecter, en tant que responsable de traitement, les dispositions de la Loi n\u00b078-17 du 6 janvier 1978 modifi\u00e9e et le R\u00e8glement G\u00e9n\u00e9ral sur la Protection des Donn\u00e9es paru au journal officiel le 27 avril 2016 et en vigueur depuis le 25 mai 2018.<\/p>\n<h2>1. Responsable de traitement<\/h2>\n<p>Le responsable du traitement des Donn\u00e9es Personnelles et ses coordonn\u00e9es sont : Predilife \u2013 39 rue Camille Desmoulins 94805 Villejuif Cedex.<\/p>\n<h2>2. Qu\u2019est-ce qu\u2019une Donn\u00e9e Personnelle ?<\/h2>\n<p>C\u2019est toute information relative \u00e0 une personne physique susceptible d\u2019\u00eatre identifi\u00e9e, directement ou indirectement : (ex. nom, num\u00e9ro de t\u00e9l\u00e9phone, adresse mail, date de naissance)<\/p>\n<h2>3. Pourquoi certaines de vos donn\u00e9es sont-elles collect\u00e9es ?<\/h2>\n<p>Les Donn\u00e9es Personnelles recueillies par Predilife nous permettent de :<\/p>\n<ul>\n<li>R\u00e9pondre \u00e0 vos demandes de contact\/ renseignements, envoi de documentations ou d\u2019informations ;<\/li>\n<li>Vous offrir une navigation optimale sur le site : stockage des pr\u00e9f\u00e9rences ;<\/li>\n<li>R\u00e9aliser des analyses statistiques des visites de notre site internet.<\/li>\n<\/ul>\n<h2>4. Quelles Donn\u00e9es Personnelles sont collect\u00e9es ?<\/h2>\n<p>Nous collectons des Donn\u00e9es personnelles lorsque vous remplissez le formulaire de demande de contact ou par le biais de cookies.<\/p>\n<p><em>Par le formulaire de contact<\/em><br \/>\nLorsque vous remplissez un formulaire sur notre site, le caract\u00e8re obligatoire ou facultatif des Donn\u00e9es Personnelles vous est signal\u00e9 par un ast\u00e9risque. Il peut s\u2019agir des donn\u00e9es suivantes :<\/p>\n<p>&#8211; Nom et pr\u00e9nom<br \/>\n&#8211; Num\u00e9ro de t\u00e9l\u00e9phone et adresse e-mail<\/p>\n<p><em>Par les cookies<\/em><br \/>\nCertaines donn\u00e9es sont collect\u00e9es automatiquement lors de votre visite sur le site, par le biais de cookies.<br \/>\nLes cookies ont notamment pour but de collecter des informations relatives \u00e0 votre navigation : donn\u00e9es d\u2019identification \u00e9lectronique (adresse IP), donn\u00e9es d\u2019activit\u00e9 sur notre site (pages visit\u00e9es, param\u00e8tres de la visite, etc.). Ils sont g\u00e9r\u00e9s par votre navigateur internet.<\/p>\n<h2>5. Qu\u2019est-ce qu\u2019un cookie ?<\/h2>\n<p>Un \u00ab cookie \u00bb est un petit fichier informatique, envoy\u00e9 par le serveur d\u2019un site internet et enregistr\u00e9 sur votre ordinateur, tablette ou t\u00e9l\u00e9phone.<\/p>\n<p>Deux types de cookies sont utilis\u00e9s par notre site :<\/p>\n<ul>\n<li>Des cookies internes n\u00e9cessaires au site pour fonctionner de mani\u00e8re optimale ;<\/li>\n<li>Des cookies tiers de mesure d\u2019audience et de suivi de votre activit\u00e9 en ligne ;<\/li>\n<\/ul>\n<p>Nous vous invitons \u00e0 consulter les politiques de protection de la vie priv\u00e9e des diff\u00e9rents services tiers nomm\u00e9s ci-dessous afin de prendre connaissance des finalit\u00e9s d\u2019utilisation. Ces politiques de protection doivent vous permettre d\u2019exercer vos choix aupr\u00e8s de ces r\u00e9seaux sociaux, notamment en param\u00e9trant vos comptes d\u2019utilisation de chacun de ces r\u00e9seaux.<\/p>\n<h2>6. Combien de temps conservons-nous les cookies ?<\/h2>\n<p>Nous veillons \u00e0 limiter au maximum la dur\u00e9e de validit\u00e9 des cookies, conform\u00e9ment aux recommandations de la CNIL, tout en vous offrant un service personnalis\u00e9 de qualit\u00e9.<\/p>\n<table style=\"border-collapse: collapse; width: 100%;\">\n<tbody>\n<tr>\n<td style=\"width: 33.3333%;\">Type de cookies<\/td>\n<td style=\"width: 33.3333%;\">Finalit\u00e9<\/td>\n<td style=\"width: 33.3333%;\">Dur\u00e9e de conservation<\/td>\n<\/tr>\n<tr>\n<td style=\"width: 33.3333%;\">Cookies n\u00e9cessaires au bon fonctionnement du site<\/td>\n<td style=\"width: 33.3333%;\">Enregistrement engagement de la page r\u00e9serv\u00e9e aux professionnels de sant\u00e9<\/td>\n<td style=\"width: 33.3333%;\">1 mois<\/td>\n<\/tr>\n<tr>\n<td style=\"width: 33.3333%;\">Cookies analytiques (_ga)<\/td>\n<td style=\"width: 33.3333%;\">Statistiques sur la fr\u00e9quentation du site<\/td>\n<td style=\"width: 33.3333%;\">13 mois<\/td>\n<\/tr>\n<tr>\n<td style=\"width: 33.3333%;\">Cookies analytiques (_gid)<\/td>\n<td style=\"width: 33.3333%;\">Statistiques sur la fr\u00e9quentation sur site<\/td>\n<td style=\"width: 33.3333%;\">24 heures<\/td>\n<\/tr>\n<\/tbody>\n<\/table>\n<h2>7. Comment refuser les cookies ?<\/h2>\n<p>Vous pouvez vous opposer \u00e0 l\u2019enregistrement de cookies en configurant votre navigateur.<\/p>\n<p>Pour Internet Explorer\u2122 : <a href=\"https:\/\/support.microsoft.com\/\" target=\"_blank\" rel=\"noopener noreferrer\">https:\/\/support.microsoft.com\/<\/a><br \/>\nPour Microsoft Edge : <a href=\"https:\/\/support.microsoft.com\/\" target=\"_blank\" rel=\"noopener noreferrer\">https:\/\/support.microsoft.com\/<\/a><br \/>\nPour Safari\u2122 : <a href=\"https:\/\/support.apple.com\/\" target=\"_blank\" rel=\"noopener noreferrer\">https:\/\/support.apple.com\/<\/a><br \/>\nPour Chrome\u2122 : <a href=\"https:\/\/support.google.com\/\" target=\"_blank\" rel=\"noopener noreferrer\">https:\/\/support.google.com\/<\/a><br \/>\nPour Firefox\u2122 : <a href=\"https:\/\/support.mozilla.org\/\" target=\"_blank\" rel=\"noopener noreferrer\">https:\/\/support.mozilla.org\/<\/a><br \/>\nPour Opera\u2122 : <a href=\"http:\/\/help.opera.com\/\" target=\"_blank\" rel=\"noopener noreferrer\">http:\/\/help.opera.com\/<\/a><\/p>\n<h2>8. Vos donn\u00e9es sont-elles partag\u00e9es avec d\u2019autres soci\u00e9t\u00e9s ?<\/h2>\n<p>Predilife ne communique les donn\u00e9es qu\u2019elle collecte qu\u2019\u00e0 ses services internes ainsi qu\u2019\u00e0 ses prestataires de services et leurs personnels eu \u00e9gard \u00e0 l\u2019ex\u00e9cution des prestations qui leurs sont confi\u00e9es et qu\u2019ils doivent r\u00e9aliser pour le compte de Predilife.<\/p>\n<h2>9. Combien de temps vos donn\u00e9es seront-elles conserv\u00e9es ?<\/h2>\n<p>Nous veillons \u00e0 conserver vos Donn\u00e9es Personnelles pendant une dur\u00e9e qui n\u2019exc\u00e8de pas la dur\u00e9e n\u00e9cessaire aux finalit\u00e9s expos\u00e9es ci-dessus ou conform\u00e9ment \u00e0 ce qui est pr\u00e9vu par la loi applicable.<\/p>\n<h2>10. Sur quels fondements juridiques repose le traitement de vos donn\u00e9es ?<\/h2>\n<p>Les traitements de vos donn\u00e9es collect\u00e9es ont pour fondements juridiques le consentement<\/p>\n<h2>11. Comment pouvez-vous exercer vos droits ?<\/h2>\n<p>Conform\u00e9ment au R\u00e8glement europ\u00e9en du 27 avril 2016 (RGPD) et \u00e0 la loi informatique et libert\u00e9s du 6 janvier 1978 modifi\u00e9e, vous pouvez exercer votre droit d\u2019acc\u00e8s, de rectification, d\u2019effacement et d\u2019opposition sur les donn\u00e9es que nous collectons, \u00e0 tout moment. Par ailleurs, vous pouvez \u00e9galement d\u00e9finir des directives relatives \u00e0 la conservation, \u00e0 l\u2019effacement et \u00e0 la communication de vos donn\u00e9es \u00e0 caract\u00e8re personnel apr\u00e8s votre d\u00e9c\u00e8s.<br \/>\nPour exercer vos droits ou pour toute question concernant la politique de protection des donn\u00e9es \u00e0 caract\u00e8re personnel de Predilife, vous pouvez adresser une demande accompagn\u00e9e d\u2019un justificatif d\u2019identit\u00e9 valide \u00e0 l\u2019attention de notre D\u00e9l\u00e9gu\u00e9 \u00e0 la Protection des Donn\u00e9es par courriel \u00e0 l\u2019adresse <a href=\"mailto:dpo@predilife.com\">dpo@predilife.com<\/a><\/p>\n<h2>12. Modification de la pr\u00e9sente Charte<\/h2>\n<p>Nous nous r\u00e9servons le droit de modifier cette charte \u00e0 tout moment. La pr\u00e9sente charte pouvant \u00eatre modifi\u00e9e \u00e0 tout moment, sans pr\u00e9avis, nous vous invitons \u00e0 la consulter r\u00e9guli\u00e8rement.<\/p>\n<p>Derni\u00e8re mise \u00e0 jour le 22 juillet 2020<\/p>\n","protected":false},"excerpt":{"rendered":"<p>Politique de confidentialit\u00e9 POLITIQUE DE PROTECTION DES DONN\u00c9ES PERSONNELLES &amp; COOKIES La pr\u00e9sente charte d\u00e9finit et vous informe de la mani\u00e8re dont Predilife utilise et prot\u00e8ge vos Donn\u00e9es Personnelles que nous pouvons \u00e9ventuellement traiter et collecter lors de votre navigation sur notre site internet. Elle vous informe \u00e9galement comment nous utilisons les donn\u00e9es de navigation&#8230;<\/p>\n","protected":false},"author":1,"featured_media":0,"parent":0,"menu_order":146,"comment_status":"closed","ping_status":"closed","template":"","meta":{"_acf_changed":false,"content-type":"","inline_featured_image":false,"footnotes":""},"class_list":["post-6374","page","type-page","status-publish","hentry"],"acf":[],"yoast_head":"<!-- This site is optimized with the Yoast SEO plugin v24.2 - https:\/\/yoast.com\/wordpress\/plugins\/seo\/ -->\n<title>Privacy policy - Predilife<\/title>\n<meta name=\"description\" content=\"Lisez la politique de confidentialit\u00e9 de la soci\u00e9t\u00e9 Predilife. Predilife : pr\u00e9dire pour pr\u00e9venir les risques de pathologies graves\" \/>\n<meta name=\"robots\" content=\"index, follow, max-snippet:-1, max-image-preview:large, max-video-preview:-1\" \/>\n<link rel=\"canonical\" href=\"https:\/\/www.predilife.com\/en\/privacy-policy\/\" \/>\n<meta property=\"og:locale\" content=\"en_US\" \/>\n<meta property=\"og:type\" content=\"article\" \/>\n<meta property=\"og:title\" content=\"Privacy policy - Predilife\" \/>\n<meta property=\"og:description\" content=\"Lisez la politique de confidentialit\u00e9 de la soci\u00e9t\u00e9 Predilife. Predilife : pr\u00e9dire pour pr\u00e9venir les risques de pathologies graves\" \/>\n<meta property=\"og:url\" content=\"https:\/\/www.predilife.com\/en\/privacy-policy\/\" \/>\n<meta property=\"og:site_name\" content=\"Predilife\" \/>\n<meta property=\"article:modified_time\" content=\"2022-06-07T08:42:53+00:00\" \/>\n<meta name=\"twitter:card\" content=\"summary_large_image\" \/>\n<meta name=\"twitter:label1\" content=\"Est. reading time\" \/>\n\t<meta name=\"twitter:data1\" content=\"4 minutes\" \/>\n<script type=\"application\/ld+json\" class=\"yoast-schema-graph\">{\"@context\":\"https:\/\/schema.org\",\"@graph\":[{\"@type\":\"WebPage\",\"@id\":\"https:\/\/www.predilife.com\/en\/privacy-policy\/\",\"url\":\"https:\/\/www.predilife.com\/en\/privacy-policy\/\",\"name\":\"Privacy policy - Predilife\",\"isPartOf\":{\"@id\":\"https:\/\/www.predilife.com\/en\/#website\"},\"datePublished\":\"2021-09-28T08:58:42+00:00\",\"dateModified\":\"2022-06-07T08:42:53+00:00\",\"description\":\"Lisez la politique de confidentialit\u00e9 de la soci\u00e9t\u00e9 Predilife. Predilife : pr\u00e9dire pour pr\u00e9venir les risques de pathologies graves\",\"breadcrumb\":{\"@id\":\"https:\/\/www.predilife.com\/en\/privacy-policy\/#breadcrumb\"},\"inLanguage\":\"en-US\",\"potentialAction\":[{\"@type\":\"ReadAction\",\"target\":[\"https:\/\/www.predilife.com\/en\/privacy-policy\/\"]}]},{\"@type\":\"BreadcrumbList\",\"@id\":\"https:\/\/www.predilife.com\/en\/privacy-policy\/#breadcrumb\",\"itemListElement\":[{\"@type\":\"ListItem\",\"position\":1,\"name\":\"Home\",\"item\":\"https:\/\/www.predilife.com\/en\/\"},{\"@type\":\"ListItem\",\"position\":2,\"name\":\"Privacy policy\"}]},{\"@type\":\"WebSite\",\"@id\":\"https:\/\/www.predilife.com\/en\/#website\",\"url\":\"https:\/\/www.predilife.com\/en\/\",\"name\":\"Predilife\",\"description\":\"Voir loin, \u00e9clairer demain\",\"potentialAction\":[{\"@type\":\"SearchAction\",\"target\":{\"@type\":\"EntryPoint\",\"urlTemplate\":\"https:\/\/www.predilife.com\/en\/?s={search_term_string}\"},\"query-input\":{\"@type\":\"PropertyValueSpecification\",\"valueRequired\":true,\"valueName\":\"search_term_string\"}}],\"inLanguage\":\"en-US\"}]}<\/script>\n<!-- \/ Yoast SEO plugin. -->","yoast_head_json":{"title":"Privacy policy - Predilife","description":"Lisez la politique de confidentialit\u00e9 de la soci\u00e9t\u00e9 Predilife. Predilife : pr\u00e9dire pour pr\u00e9venir les risques de pathologies graves","robots":{"index":"index","follow":"follow","max-snippet":"max-snippet:-1","max-image-preview":"max-image-preview:large","max-video-preview":"max-video-preview:-1"},"canonical":"https:\/\/www.predilife.com\/en\/privacy-policy\/","og_locale":"en_US","og_type":"article","og_title":"Privacy policy - Predilife","og_description":"Lisez la politique de confidentialit\u00e9 de la soci\u00e9t\u00e9 Predilife. Predilife : pr\u00e9dire pour pr\u00e9venir les risques de pathologies graves","og_url":"https:\/\/www.predilife.com\/en\/privacy-policy\/","og_site_name":"Predilife","article_modified_time":"2022-06-07T08:42:53+00:00","twitter_card":"summary_large_image","twitter_misc":{"Est. reading time":"4 minutes"},"schema":{"@context":"https:\/\/schema.org","@graph":[{"@type":"WebPage","@id":"https:\/\/www.predilife.com\/en\/privacy-policy\/","url":"https:\/\/www.predilife.com\/en\/privacy-policy\/","name":"Privacy policy - Predilife","isPartOf":{"@id":"https:\/\/www.predilife.com\/en\/#website"},"datePublished":"2021-09-28T08:58:42+00:00","dateModified":"2022-06-07T08:42:53+00:00","description":"Lisez la politique de confidentialit\u00e9 de la soci\u00e9t\u00e9 Predilife. Predilife : pr\u00e9dire pour pr\u00e9venir les risques de pathologies graves","breadcrumb":{"@id":"https:\/\/www.predilife.com\/en\/privacy-policy\/#breadcrumb"},"inLanguage":"en-US","potentialAction":[{"@type":"ReadAction","target":["https:\/\/www.predilife.com\/en\/privacy-policy\/"]}]},{"@type":"BreadcrumbList","@id":"https:\/\/www.predilife.com\/en\/privacy-policy\/#breadcrumb","itemListElement":[{"@type":"ListItem","position":1,"name":"Home","item":"https:\/\/www.predilife.com\/en\/"},{"@type":"ListItem","position":2,"name":"Privacy policy"}]},{"@type":"WebSite","@id":"https:\/\/www.predilife.com\/en\/#website","url":"https:\/\/www.predilife.com\/en\/","name":"Predilife","description":"Voir loin, \u00e9clairer demain","potentialAction":[{"@type":"SearchAction","target":{"@type":"EntryPoint","urlTemplate":"https:\/\/www.predilife.com\/en\/?s={search_term_string}"},"query-input":{"@type":"PropertyValueSpecification","valueRequired":true,"valueName":"search_term_string"}}],"inLanguage":"en-US"}]}},"_links":{"self":[{"href":"https:\/\/www.predilife.com\/en\/wp-json\/wp\/v2\/pages\/6374","targetHints":{"allow":["GET"]}}],"collection":[{"href":"https:\/\/www.predilife.com\/en\/wp-json\/wp\/v2\/pages"}],"about":[{"href":"https:\/\/www.predilife.com\/en\/wp-json\/wp\/v2\/types\/page"}],"author":[{"embeddable":true,"href":"https:\/\/www.predilife.com\/en\/wp-json\/wp\/v2\/users\/1"}],"replies":[{"embeddable":true,"href":"https:\/\/www.predilife.com\/en\/wp-json\/wp\/v2\/comments?post=6374"}],"version-history":[{"count":1,"href":"https:\/\/www.predilife.com\/en\/wp-json\/wp\/v2\/pages\/6374\/revisions"}],"predecessor-version":[{"id":6375,"href":"https:\/\/www.predilife.com\/en\/wp-json\/wp\/v2\/pages\/6374\/revisions\/6375"}],"wp:attachment":[{"href":"https:\/\/www.predilife.com\/en\/wp-json\/wp\/v2\/media?parent=6374"}],"curies":[{"name":"wp","href":"https:\/\/api.w.org\/{rel}","templated":true}]}}